{"id":303,"date":"2025-02-10T15:54:25","date_gmt":"2025-02-10T14:54:25","guid":{"rendered":"http:\/\/fae-concept.fr\/?page_id=303"},"modified":"2025-02-24T18:55:14","modified_gmt":"2025-02-24T17:55:14","slug":"panneau-solaire","status":"publish","type":"page","link":"https:\/\/fae-concept.fr\/?page_id=303","title":{"rendered":"Panneau Solaire"},"content":{"rendered":"\t\t<div data-elementor-type=\"wp-page\" data-elementor-id=\"303\" class=\"elementor elementor-303\">\n\t\t\t\t<div class=\"elementor-element elementor-element-db74f66 e-con-full e-flex e-con e-parent\" data-id=\"db74f66\" data-element_type=\"container\">\n\t\t\t\t<div class=\"elementor-element elementor-element-1110f12 elementor-invisible elementor-widget elementor-widget-heading\" data-id=\"1110f12\" data-element_type=\"widget\" data-settings=\"{&quot;_animation&quot;:&quot;fadeInUp&quot;}\" data-widget_type=\"heading.default\">\n\t\t\t\t<div class=\"elementor-widget-container\">\n\t\t\t\t\t<span class=\"elementor-heading-title elementor-size-default\">Energies Renouvelables<\/span>\t\t\t\t<\/div>\n\t\t\t\t<\/div>\n\t\t<div class=\"elementor-element elementor-element-7d0218d e-con-full e-flex e-con e-child\" data-id=\"7d0218d\" data-element_type=\"container\">\n\t\t\t\t<\/div>\n\t\t\t\t<\/div>\n\t\t<div class=\"elementor-element elementor-element-cb85bcc e-con-full e-flex e-con e-parent\" data-id=\"cb85bcc\" data-element_type=\"container\">\n\t\t<div class=\"elementor-element elementor-element-c27c253 e-con-full e-flex e-con e-child\" data-id=\"c27c253\" data-element_type=\"container\" data-settings=\"{&quot;background_background&quot;:&quot;classic&quot;}\">\n\t\t\t\t<\/div>\n\t\t<div class=\"elementor-element elementor-element-4b11908 e-con-full e-flex e-con e-child\" data-id=\"4b11908\" data-element_type=\"container\">\n\t\t\t\t<div class=\"elementor-element elementor-element-a6ddee5 elementor-widget elementor-widget-heading\" data-id=\"a6ddee5\" data-element_type=\"widget\" data-widget_type=\"heading.default\">\n\t\t\t\t<div class=\"elementor-widget-container\">\n\t\t\t\t\t<h2 class=\"elementor-heading-title elementor-size-default\">Installation de panneaux solaires : une \u00e9nergie propre et durable<\/h2>\t\t\t\t<\/div>\n\t\t\t\t<\/div>\n\t\t\t\t<div class=\"elementor-element elementor-element-d9f4e26 elementor-widget elementor-widget-text-editor\" data-id=\"d9f4e26\" data-element_type=\"widget\" data-widget_type=\"text-editor.default\">\n\t\t\t\t<div class=\"elementor-widget-container\">\n\t\t\t\t\t\t\t\t\t<p>Vous souhaitez r\u00e9duire votre facture d\u2019\u00e9lectricit\u00e9 tout en adoptant une solution \u00e9cologique ? Notre entreprise vous accompagne dans l\u2019installation de <strong>panneaux solaires<\/strong>, une alternative efficace et durable pour produire votre propre \u00e9lectricit\u00e9.<\/p>\n<p>\u2705 <strong>\u00c9tude personnalis\u00e9e<\/strong> : Nous analysons votre consommation et l\u2019ensoleillement de votre site pour une installation optimis\u00e9e.<br \/>\u2705 <strong>Mat\u00e9riel de qualit\u00e9<\/strong> : Nous utilisons des \u00e9quipements performants et durables pour garantir un rendement optimal.<br \/>\u2705 <strong>Installation cl\u00e9 en main<\/strong> : De la conception \u00e0 la mise en service, nous prenons en charge l\u2019ensemble du projet.<br \/>\u2705 <strong>\u00c9conomies et aides financi\u00e8res<\/strong> : Profitez des aides de l\u2019\u00c9tat et r\u00e9duisez votre facture \u00e9nerg\u00e9tique gr\u00e2ce \u00e0 l\u2019autoconsommation.<\/p>\n<p>Optez pour une <strong>\u00e9nergie renouvelable et locale<\/strong> avec notre expertise en <strong>solutions solaires<\/strong>. Contactez-nous d\u00e8s aujourd\u2019hui pour un devis personnalis\u00e9 ! \u2600\ufe0f\ud83d\udd0b<\/p>\t\t\t\t\t\t\t\t<\/div>\n\t\t\t\t<\/div>\n\t\t\t\t<div class=\"elementor-element elementor-element-b5547f9 elementor-invisible elementor-widget elementor-widget-button\" data-id=\"b5547f9\" data-element_type=\"widget\" data-settings=\"{&quot;_animation&quot;:&quot;fadeInDown&quot;}\" data-widget_type=\"button.default\">\n\t\t\t\t<div class=\"elementor-widget-container\">\n\t\t\t\t\t\t\t\t\t<div class=\"elementor-button-wrapper\">\n\t\t\t\t\t<a class=\"elementor-button elementor-button-link elementor-size-sm\" href=\"http:\/\/fae-concept.fr\/?page_id=240\">\n\t\t\t\t\t\t<span class=\"elementor-button-content-wrapper\">\n\t\t\t\t\t\t\t\t\t<span class=\"elementor-button-text\">Contactez-nous<\/span>\n\t\t\t\t\t<\/span>\n\t\t\t\t\t<\/a>\n\t\t\t\t<\/div>\n\t\t\t\t\t\t\t\t<\/div>\n\t\t\t\t<\/div>\n\t\t\t\t<\/div>\n\t\t\t\t<\/div>\n\t\t\t\t<\/div>\n\t\t","protected":false},"excerpt":{"rendered":"<p>Energies Renouvelables Installation de panneaux solaires : une \u00e9nergie propre et durable Vous souhaitez r\u00e9duire votre facture d\u2019\u00e9lectricit\u00e9 tout en [&hellip;]<\/p>\n","protected":false},"author":1,"featured_media":0,"parent":298,"menu_order":0,"comment_status":"closed","ping_status":"closed","template":"","meta":{"site-sidebar-layout":"no-sidebar","site-content-layout":"","ast-site-content-layout":"full-width-container","site-content-style":"default","site-sidebar-style":"default","ast-global-header-display":"","ast-banner-title-visibility":"","ast-main-header-display":"","ast-hfb-above-header-display":"","ast-hfb-below-header-display":"","ast-hfb-mobile-header-display":"","site-post-title":"disabled","ast-breadcrumbs-content":"","ast-featured-img":"disabled","footer-sml-layout":"","theme-transparent-header-meta":"","adv-header-id-meta":"","stick-header-meta":"","header-above-stick-meta":"","header-main-stick-meta":"","header-below-stick-meta":"","astra-migrate-meta-layouts":"default","ast-page-background-enabled":"default","ast-page-background-meta":{"desktop":{"background-color":"var(--ast-global-color-5)","background-image":"","background-repeat":"repeat","background-position":"center center","background-size":"auto","background-attachment":"scroll","background-type":"","background-media":"","overlay-type":"","overlay-color":"","overlay-opacity":"","overlay-gradient":""},"tablet":{"background-color":"","background-image":"","background-repeat":"repeat","background-position":"center center","background-size":"auto","background-attachment":"scroll","background-type":"","background-media":"","overlay-type":"","overlay-color":"","overlay-opacity":"","overlay-gradient":""},"mobile":{"background-color":"","background-image":"","background-repeat":"repeat","background-position":"center center","background-size":"auto","background-attachment":"scroll","background-type":"","background-media":"","overlay-type":"","overlay-color":"","overlay-opacity":"","overlay-gradient":""}},"ast-content-background-meta":{"desktop":{"background-color":"var(--ast-global-color-4)","background-image":"","background-repeat":"repeat","background-position":"center center","background-size":"auto","background-attachment":"scroll","background-type":"","background-media":"","overlay-type":"","overlay-color":"","overlay-opacity":"","overlay-gradient":""},"tablet":{"background-color":"var(--ast-global-color-4)","background-image":"","background-repeat":"repeat","background-position":"center center","background-size":"auto","background-attachment":"scroll","background-type":"","background-media":"","overlay-type":"","overlay-color":"","overlay-opacity":"","overlay-gradient":""},"mobile":{"background-color":"var(--ast-global-color-4)","background-image":"","background-repeat":"repeat","background-position":"center center","background-size":"auto","background-attachment":"scroll","background-type":"","background-media":"","overlay-type":"","overlay-color":"","overlay-opacity":"","overlay-gradient":""}},"footnotes":""},"class_list":["post-303","page","type-page","status-publish","hentry"],"_links":{"self":[{"href":"https:\/\/fae-concept.fr\/index.php?rest_route=\/wp\/v2\/pages\/303","targetHints":{"allow":["GET"]}}],"collection":[{"href":"https:\/\/fae-concept.fr\/index.php?rest_route=\/wp\/v2\/pages"}],"about":[{"href":"https:\/\/fae-concept.fr\/index.php?rest_route=\/wp\/v2\/types\/page"}],"author":[{"embeddable":true,"href":"https:\/\/fae-concept.fr\/index.php?rest_route=\/wp\/v2\/users\/1"}],"replies":[{"embeddable":true,"href":"https:\/\/fae-concept.fr\/index.php?rest_route=%2Fwp%2Fv2%2Fcomments&post=303"}],"version-history":[{"count":7,"href":"https:\/\/fae-concept.fr\/index.php?rest_route=\/wp\/v2\/pages\/303\/revisions"}],"predecessor-version":[{"id":346,"href":"https:\/\/fae-concept.fr\/index.php?rest_route=\/wp\/v2\/pages\/303\/revisions\/346"}],"up":[{"embeddable":true,"href":"https:\/\/fae-concept.fr\/index.php?rest_route=\/wp\/v2\/pages\/298"}],"wp:attachment":[{"href":"https:\/\/fae-concept.fr\/index.php?rest_route=%2Fwp%2Fv2%2Fmedia&parent=303"}],"curies":[{"name":"wp","href":"https:\/\/api.w.org\/{rel}","templated":true}]}}