{"id":55,"date":"2025-02-08T15:19:27","date_gmt":"2025-02-08T14:19:27","guid":{"rendered":"http:\/\/fae-concept.fr\/?page_id=55"},"modified":"2025-12-30T20:02:24","modified_gmt":"2025-12-30T19:02:24","slug":"home","status":"publish","type":"page","link":"https:\/\/fae-concept.fr\/","title":{"rendered":"Acceuil"},"content":{"rendered":"\t\t<div data-elementor-type=\"wp-page\" data-elementor-id=\"55\" class=\"elementor elementor-55\">\n\t\t\t\t<div class=\"elementor-element elementor-element-fba5640 e-flex e-con-boxed e-con e-parent\" data-id=\"fba5640\" data-element_type=\"container\">\n\t\t\t\t\t<div class=\"e-con-inner\">\n\t\t<div class=\"elementor-element elementor-element-1fc10e0 e-con-full e-flex e-con e-child\" data-id=\"1fc10e0\" data-element_type=\"container\">\n\t\t\t\t<div class=\"elementor-element elementor-element-5879e2f elementor-widget elementor-widget-image-gallery\" data-id=\"5879e2f\" data-element_type=\"widget\" data-widget_type=\"image-gallery.default\">\n\t\t\t\t<div class=\"elementor-widget-container\">\n\t\t\t\t\t\t\t<div class=\"elementor-image-gallery\">\n\t\t\t<div id='gallery-1' class='gallery galleryid-55 gallery-columns-1 gallery-size-medium'><figure class='gallery-item'>\n\t\t\t<div class='gallery-icon portrait'>\n\t\t\t\t<a data-elementor-open-lightbox=\"yes\" data-elementor-lightbox-slideshow=\"5879e2f\" data-elementor-lightbox-title=\"LOGO pour site (svg)\" data-e-action-hash=\"#elementor-action%3Aaction%3Dlightbox%26settings%3DeyJpZCI6OTcsInVybCI6Imh0dHBzOlwvXC9mYWUtY29uY2VwdC5mclwvd3AtY29udGVudFwvdXBsb2Fkc1wvMjAyNVwvMDJcL0xPR08tcG91ci1zaXRlLXN2Zy5zdmciLCJzbGlkZXNob3ciOiI1ODc5ZTJmIn0%3D\" href='https:\/\/fae-concept.fr\/wp-content\/uploads\/2025\/02\/LOGO-pour-site-svg.svg'><img decoding=\"async\" width=\"26\" height=\"300\" src=\"https:\/\/fae-concept.fr\/wp-content\/uploads\/2025\/02\/LOGO-pour-site-svg.svg\" class=\"attachment-medium size-medium\" alt=\"\" \/><\/a>\n\t\t\t<\/div><\/figure>\n\t\t<\/div>\n\t\t<\/div>\n\t\t\t\t\t\t<\/div>\n\t\t\t\t<\/div>\n\t\t<div class=\"elementor-element elementor-element-59dcc6b e-con-full e-flex e-con e-child\" data-id=\"59dcc6b\" data-element_type=\"container\">\n\t\t\t\t<div class=\"elementor-element elementor-element-1747235 elementor-widget__width-initial elementor-widget elementor-widget-text-editor\" data-id=\"1747235\" data-element_type=\"widget\" data-widget_type=\"text-editor.default\">\n\t\t\t\t<div class=\"elementor-widget-container\">\n\t\t\t\t\t\t\t\t\t<p>&#8230;<\/p>\t\t\t\t\t\t\t\t<\/div>\n\t\t\t\t<\/div>\n\t\t\t\t<\/div>\n\t\t\t\t<\/div>\n\t\t<div class=\"elementor-element elementor-element-1a5699f e-con-full e-flex e-con e-child\" data-id=\"1a5699f\" data-element_type=\"container\">\n\t\t\t\t<div class=\"elementor-element elementor-element-29438c5 elementor-widget elementor-widget-heading\" data-id=\"29438c5\" data-element_type=\"widget\" data-widget_type=\"heading.default\">\n\t\t\t\t<div class=\"elementor-widget-container\">\n\t\t\t\t\t<h1 class=\"elementor-heading-title elementor-size-default\">Fort de nos sp\u00e9cialisations et de notre expertise<\/h1>\t\t\t\t<\/div>\n\t\t\t\t<\/div>\n\t\t\t\t<\/div>\n\t\t<div class=\"elementor-element elementor-element-b55051e e-con-full e-flex e-con e-child\" data-id=\"b55051e\" data-element_type=\"container\">\n\t\t\t\t<\/div>\n\t\t\t\t\t<\/div>\n\t\t\t\t<\/div>\n\t\t<div class=\"elementor-element elementor-element-723a6a9b e-con-full e-grid e-con e-parent\" data-id=\"723a6a9b\" data-element_type=\"container\">\n\t\t\t\t<div class=\"elementor-element elementor-element-539fdbf8 elementor-widget elementor-widget-heading\" data-id=\"539fdbf8\" data-element_type=\"widget\" data-widget_type=\"heading.default\">\n\t\t\t\t<div class=\"elementor-widget-container\">\n\t\t\t\t\t<h1 class=\"elementor-heading-title elementor-size-default\">Nos Projets D'envergure<\/h1>\t\t\t\t<\/div>\n\t\t\t\t<\/div>\n\t\t<div class=\"elementor-element elementor-element-3211955 e-flex e-con-boxed e-con e-child\" data-id=\"3211955\" data-element_type=\"container\">\n\t\t\t\t\t<div class=\"e-con-inner\">\n\t\t<div class=\"elementor-element elementor-element-cb2601d e-con-full e-flex e-con e-child\" data-id=\"cb2601d\" data-element_type=\"container\">\n\t\t\t\t<\/div>\n\t\t\t\t\t<\/div>\n\t\t\t\t<\/div>\n\t\t\t\t<div class=\"elementor-element elementor-element-28d115b elementor-widget elementor-widget-image\" data-id=\"28d115b\" data-element_type=\"widget\" data-widget_type=\"image.default\">\n\t\t\t\t<div class=\"elementor-widget-container\">\n\t\t\t\t\t\t\t\t\t\t\t\t\t\t\t<img fetchpriority=\"high\" decoding=\"async\" width=\"897\" height=\"1024\" src=\"https:\/\/fae-concept.fr\/wp-content\/uploads\/2025\/02\/Logo_JO_dete_-_Paris_2024.svg-897x1024.webp\" class=\"attachment-large size-large wp-image-207\" alt=\"\" srcset=\"https:\/\/fae-concept.fr\/wp-content\/uploads\/2025\/02\/Logo_JO_dete_-_Paris_2024.svg-897x1024.webp 897w, https:\/\/fae-concept.fr\/wp-content\/uploads\/2025\/02\/Logo_JO_dete_-_Paris_2024.svg-263x300.webp 263w, https:\/\/fae-concept.fr\/wp-content\/uploads\/2025\/02\/Logo_JO_dete_-_Paris_2024.svg-768x877.webp 768w, https:\/\/fae-concept.fr\/wp-content\/uploads\/2025\/02\/Logo_JO_dete_-_Paris_2024.svg.webp 1200w\" sizes=\"(max-width: 897px) 100vw, 897px\" \/>\t\t\t\t\t\t\t\t\t\t\t\t\t\t\t<\/div>\n\t\t\t\t<\/div>\n\t\t\t\t<div class=\"elementor-element elementor-element-15b600a elementor-widget elementor-widget-image\" data-id=\"15b600a\" data-element_type=\"widget\" data-widget_type=\"image.default\">\n\t\t\t\t<div class=\"elementor-widget-container\">\n\t\t\t\t\t\t\t\t\t\t\t\t\t\t\t<img decoding=\"async\" width=\"566\" height=\"565\" src=\"https:\/\/fae-concept.fr\/wp-content\/uploads\/2025\/02\/Logo_emlyon_2021.webp\" class=\"attachment-large size-large wp-image-208\" alt=\"\" srcset=\"https:\/\/fae-concept.fr\/wp-content\/uploads\/2025\/02\/Logo_emlyon_2021.webp 566w, https:\/\/fae-concept.fr\/wp-content\/uploads\/2025\/02\/Logo_emlyon_2021-300x300.webp 300w, https:\/\/fae-concept.fr\/wp-content\/uploads\/2025\/02\/Logo_emlyon_2021-150x150.webp 150w\" sizes=\"(max-width: 566px) 100vw, 566px\" \/>\t\t\t\t\t\t\t\t\t\t\t\t\t\t\t<\/div>\n\t\t\t\t<\/div>\n\t\t\t\t<div class=\"elementor-element elementor-element-d1e6e1c elementor-widget elementor-widget-counter\" data-id=\"d1e6e1c\" data-element_type=\"widget\" data-widget_type=\"counter.default\">\n\t\t\t\t<div class=\"elementor-widget-container\">\n\t\t\t\t\t\t\t<div class=\"elementor-counter\">\n\t\t\t<div class=\"elementor-counter-title\">Projet <\/div>\t\t\t<div class=\"elementor-counter-number-wrapper\">\n\t\t\t\t<span class=\"elementor-counter-number-prefix\"><\/span>\n\t\t\t\t<span class=\"elementor-counter-number\" data-duration=\"2000\" data-to-value=\"120\" data-from-value=\"0\" data-delimiter=\",\">0<\/span>\n\t\t\t\t<span class=\"elementor-counter-number-suffix\"><\/span>\n\t\t\t<\/div>\n\t\t<\/div>\n\t\t\t\t\t\t<\/div>\n\t\t\t\t<\/div>\n\t\t\t\t<\/div>\n\t\t<div class=\"elementor-element elementor-element-302432ad e-con-full e-flex e-con e-parent\" data-id=\"302432ad\" data-element_type=\"container\">\n\t\t\t\t<div class=\"elementor-element elementor-element-2ab55567 elementor-invisible elementor-widget elementor-widget-heading\" data-id=\"2ab55567\" data-element_type=\"widget\" data-settings=\"{&quot;_animation&quot;:&quot;fadeInRight&quot;}\" data-widget_type=\"heading.default\">\n\t\t\t\t<div class=\"elementor-widget-container\">\n\t\t\t\t\t<span class=\"elementor-heading-title elementor-size-default\">Ils nous ont fait confiance, pourquoi pas vous ?<\/span>\t\t\t\t<\/div>\n\t\t\t\t<\/div>\n\t\t\t\t<div class=\"elementor-element elementor-element-26cc511c elementor-widget elementor-widget-image-carousel\" data-id=\"26cc511c\" data-element_type=\"widget\" data-settings=\"{&quot;slides_to_show&quot;:&quot;4&quot;,&quot;slides_to_scroll&quot;:&quot;1&quot;,&quot;navigation&quot;:&quot;none&quot;,&quot;pause_on_hover&quot;:&quot;no&quot;,&quot;pause_on_interaction&quot;:&quot;no&quot;,&quot;slides_to_show_mobile&quot;:&quot;3&quot;,&quot;autoplay&quot;:&quot;yes&quot;,&quot;autoplay_speed&quot;:5000,&quot;infinite&quot;:&quot;yes&quot;,&quot;speed&quot;:500,&quot;image_spacing_custom&quot;:{&quot;unit&quot;:&quot;px&quot;,&quot;size&quot;:20,&quot;sizes&quot;:[]},&quot;image_spacing_custom_tablet&quot;:{&quot;unit&quot;:&quot;px&quot;,&quot;size&quot;:&quot;&quot;,&quot;sizes&quot;:[]},&quot;image_spacing_custom_mobile&quot;:{&quot;unit&quot;:&quot;px&quot;,&quot;size&quot;:&quot;&quot;,&quot;sizes&quot;:[]}}\" data-widget_type=\"image-carousel.default\">\n\t\t\t\t<div class=\"elementor-widget-container\">\n\t\t\t\t\t\t\t<div class=\"elementor-image-carousel-wrapper swiper\" role=\"region\" aria-roledescription=\"carousel\" aria-label=\"Carrousel d\u2019images\" dir=\"ltr\">\n\t\t\t<div class=\"elementor-image-carousel swiper-wrapper\" aria-live=\"off\">\n\t\t\t\t\t\t\t\t<div class=\"swiper-slide\" role=\"group\" aria-roledescription=\"slide\" aria-label=\"1 of 16\"><figure class=\"swiper-slide-inner\"><img decoding=\"async\" class=\"swiper-slide-image\" src=\"https:\/\/fae-concept.fr\/wp-content\/uploads\/2025\/02\/IMG_4610-scaled.webp\" alt=\"IMG_4610\" \/><\/figure><\/div><div class=\"swiper-slide\" role=\"group\" aria-roledescription=\"slide\" aria-label=\"2 of 16\"><figure class=\"swiper-slide-inner\"><img decoding=\"async\" class=\"swiper-slide-image\" src=\"https:\/\/fae-concept.fr\/wp-content\/uploads\/2025\/02\/IMG_3621-scaled.webp\" alt=\"IMG_3621\" \/><\/figure><\/div><div class=\"swiper-slide\" role=\"group\" aria-roledescription=\"slide\" aria-label=\"3 of 16\"><figure class=\"swiper-slide-inner\"><img decoding=\"async\" class=\"swiper-slide-image\" src=\"https:\/\/fae-concept.fr\/wp-content\/uploads\/2025\/02\/IMG_3526-scaled.webp\" alt=\"IMG_3526\" \/><\/figure><\/div><div class=\"swiper-slide\" role=\"group\" aria-roledescription=\"slide\" aria-label=\"4 of 16\"><figure class=\"swiper-slide-inner\"><img decoding=\"async\" class=\"swiper-slide-image\" src=\"https:\/\/fae-concept.fr\/wp-content\/uploads\/2025\/02\/IMG_3711-scaled.webp\" alt=\"IMG_3711\" \/><\/figure><\/div><div class=\"swiper-slide\" role=\"group\" aria-roledescription=\"slide\" aria-label=\"5 of 16\"><figure class=\"swiper-slide-inner\"><img decoding=\"async\" class=\"swiper-slide-image\" src=\"https:\/\/fae-concept.fr\/wp-content\/uploads\/2025\/02\/IMG_2623-scaled.webp\" alt=\"IMG_2623\" \/><\/figure><\/div><div class=\"swiper-slide\" role=\"group\" aria-roledescription=\"slide\" aria-label=\"6 of 16\"><figure class=\"swiper-slide-inner\"><img decoding=\"async\" class=\"swiper-slide-image\" src=\"https:\/\/fae-concept.fr\/wp-content\/uploads\/2025\/02\/IMG_2281-scaled.webp\" alt=\"IMG_2281\" \/><\/figure><\/div><div class=\"swiper-slide\" role=\"group\" aria-roledescription=\"slide\" aria-label=\"7 of 16\"><figure class=\"swiper-slide-inner\"><img decoding=\"async\" class=\"swiper-slide-image\" src=\"https:\/\/fae-concept.fr\/wp-content\/uploads\/2025\/02\/IMG_2161-scaled.webp\" alt=\"IMG_2161\" \/><\/figure><\/div><div class=\"swiper-slide\" role=\"group\" aria-roledescription=\"slide\" aria-label=\"8 of 16\"><figure class=\"swiper-slide-inner\"><img decoding=\"async\" class=\"swiper-slide-image\" src=\"https:\/\/fae-concept.fr\/wp-content\/uploads\/2025\/02\/IMG_2121-scaled.webp\" alt=\"IMG_2121\" \/><\/figure><\/div><div class=\"swiper-slide\" role=\"group\" aria-roledescription=\"slide\" aria-label=\"9 of 16\"><figure class=\"swiper-slide-inner\"><img decoding=\"async\" class=\"swiper-slide-image\" src=\"https:\/\/fae-concept.fr\/wp-content\/uploads\/2025\/02\/IMG_2238-scaled.webp\" alt=\"IMG_2238\" \/><\/figure><\/div><div class=\"swiper-slide\" role=\"group\" aria-roledescription=\"slide\" aria-label=\"10 of 16\"><figure class=\"swiper-slide-inner\"><img decoding=\"async\" class=\"swiper-slide-image\" src=\"https:\/\/fae-concept.fr\/wp-content\/uploads\/2025\/02\/IMG_2240-scaled.webp\" alt=\"IMG_2240\" \/><\/figure><\/div><div class=\"swiper-slide\" role=\"group\" aria-roledescription=\"slide\" aria-label=\"11 of 16\"><figure class=\"swiper-slide-inner\"><img decoding=\"async\" class=\"swiper-slide-image\" src=\"https:\/\/fae-concept.fr\/wp-content\/uploads\/2025\/02\/IMG_2713-scaled.webp\" alt=\"IMG_2713\" \/><\/figure><\/div><div class=\"swiper-slide\" role=\"group\" aria-roledescription=\"slide\" aria-label=\"12 of 16\"><figure class=\"swiper-slide-inner\"><img decoding=\"async\" class=\"swiper-slide-image\" src=\"https:\/\/fae-concept.fr\/wp-content\/uploads\/2025\/02\/IMG_3404-scaled.webp\" alt=\"IMG_3404\" \/><\/figure><\/div><div class=\"swiper-slide\" role=\"group\" aria-roledescription=\"slide\" aria-label=\"13 of 16\"><figure class=\"swiper-slide-inner\"><img decoding=\"async\" class=\"swiper-slide-image\" src=\"https:\/\/fae-concept.fr\/wp-content\/uploads\/2025\/02\/IMG_3472-scaled.webp\" alt=\"IMG_3472\" \/><\/figure><\/div><div class=\"swiper-slide\" role=\"group\" aria-roledescription=\"slide\" aria-label=\"14 of 16\"><figure class=\"swiper-slide-inner\"><img decoding=\"async\" class=\"swiper-slide-image\" src=\"https:\/\/fae-concept.fr\/wp-content\/uploads\/2025\/02\/IMG_4335-scaled.webp\" alt=\"IMG_4335\" \/><\/figure><\/div><div class=\"swiper-slide\" role=\"group\" aria-roledescription=\"slide\" aria-label=\"15 of 16\"><figure class=\"swiper-slide-inner\"><img decoding=\"async\" class=\"swiper-slide-image\" src=\"https:\/\/fae-concept.fr\/wp-content\/uploads\/2025\/02\/IMG_4613-scaled.webp\" alt=\"IMG_4613\" \/><\/figure><\/div><div class=\"swiper-slide\" role=\"group\" aria-roledescription=\"slide\" aria-label=\"16 of 16\"><figure class=\"swiper-slide-inner\"><img decoding=\"async\" class=\"swiper-slide-image\" src=\"https:\/\/fae-concept.fr\/wp-content\/uploads\/2025\/02\/IMG_2622-scaled.webp\" alt=\"IMG_2622\" \/><\/figure><\/div>\t\t\t<\/div>\n\t\t\t\t\t\t\t\n\t\t\t\t\t\t\t\t\t<\/div>\n\t\t\t\t\t\t<\/div>\n\t\t\t\t<\/div>\n\t\t\t\t<\/div>\n\t\t<div class=\"elementor-element elementor-element-1008eb2 e-con-full e-flex e-con e-parent\" data-id=\"1008eb2\" data-element_type=\"container\" data-settings=\"{&quot;background_background&quot;:&quot;classic&quot;}\">\n\t\t<div class=\"elementor-element elementor-element-6133b82b e-con-full e-flex e-con e-child\" data-id=\"6133b82b\" data-element_type=\"container\">\n\t\t\t\t<div class=\"elementor-element elementor-element-6961da1a elementor-widget__width-initial elementor-widget elementor-widget-heading\" data-id=\"6961da1a\" data-element_type=\"widget\" data-widget_type=\"heading.default\">\n\t\t\t\t<div class=\"elementor-widget-container\">\n\t\t\t\t\t<h2 class=\"elementor-heading-title elementor-size-default\">Et si vous participiez \u00e0 la transition \u00e9cologique ?\ud83c\udf31\ud83c\udf0d<\/h2>\t\t\t\t<\/div>\n\t\t\t\t<\/div>\n\t\t\t\t<\/div>\n\t\t\t\t<div class=\"elementor-element elementor-element-7e3eef6 elementor-widget elementor-widget-text-editor\" data-id=\"7e3eef6\" data-element_type=\"widget\" data-widget_type=\"text-editor.default\">\n\t\t\t\t<div class=\"elementor-widget-container\">\n\t\t\t\t\t\t\t\t\t<p>Nous croyons que chacun a un r\u00f4le \u00e0 jouer dans la construction d\u2019un avenir plus durable. En optant pour des solutions comme les <strong>pompes \u00e0 chaleur, panneaux solaires et syst\u00e8mes \u00e9nerg\u00e9tiques performants<\/strong>, vous r\u00e9duisez votre empreinte carbone tout en r\u00e9alisant des \u00e9conomies d\u2019\u00e9nergie.<\/p>\n<p><strong>Agissons ensemble pour un monde plus vert !<\/strong> \ud83d\udca1\u267b\ufe0f<\/p>\t\t\t\t\t\t\t\t<\/div>\n\t\t\t\t<\/div>\n\t\t<div class=\"elementor-element elementor-element-48145520 e-con-full e-flex e-con e-child\" data-id=\"48145520\" data-element_type=\"container\">\n\t\t\t\t<div class=\"elementor-element elementor-element-2a49db58 elementor-invisible elementor-widget elementor-widget-button\" data-id=\"2a49db58\" data-element_type=\"widget\" data-settings=\"{&quot;_animation&quot;:&quot;fadeInDown&quot;}\" data-widget_type=\"button.default\">\n\t\t\t\t<div class=\"elementor-widget-container\">\n\t\t\t\t\t\t\t\t\t<div class=\"elementor-button-wrapper\">\n\t\t\t\t\t<a class=\"elementor-button elementor-button-link elementor-size-sm elementor-animation-sink\" href=\"http:\/\/fae-concept.fr\/?page_id=240\">\n\t\t\t\t\t\t<span class=\"elementor-button-content-wrapper\">\n\t\t\t\t\t\t\t\t\t<span class=\"elementor-button-text\">Faites appel \u00e0 nos services !<\/span>\n\t\t\t\t\t<\/span>\n\t\t\t\t\t<\/a>\n\t\t\t\t<\/div>\n\t\t\t\t\t\t\t\t<\/div>\n\t\t\t\t<\/div>\n\t\t\t\t<\/div>\n\t\t\t\t<div class=\"elementor-element elementor-element-162cea24 elementor-widget__width-initial elementor-invisible elementor-widget elementor-widget-heading\" data-id=\"162cea24\" data-element_type=\"widget\" data-settings=\"{&quot;_animation&quot;:&quot;fadeInUp&quot;}\" data-widget_type=\"heading.default\">\n\t\t\t\t<div class=\"elementor-widget-container\">\n\t\t\t\t\t<span class=\"elementor-heading-title elementor-size-default\">FAE-CONCEPT<\/span>\t\t\t\t<\/div>\n\t\t\t\t<\/div>\n\t\t\t\t<\/div>\n\t\t<div class=\"elementor-element elementor-element-2566b27 e-flex e-con-boxed e-con e-parent\" data-id=\"2566b27\" data-element_type=\"container\">\n\t\t\t\t\t<div class=\"e-con-inner\">\n\t\t\t\t<div class=\"elementor-element elementor-element-6d06721 elementor-widget elementor-widget-spacer\" data-id=\"6d06721\" data-element_type=\"widget\" data-widget_type=\"spacer.default\">\n\t\t\t\t<div class=\"elementor-widget-container\">\n\t\t\t\t\t\t\t<div class=\"elementor-spacer\">\n\t\t\t<div class=\"elementor-spacer-inner\"><\/div>\n\t\t<\/div>\n\t\t\t\t\t\t<\/div>\n\t\t\t\t<\/div>\n\t\t\t\t\t<\/div>\n\t\t\t\t<\/div>\n\t\t\t\t<\/div>\n\t\t","protected":false},"excerpt":{"rendered":"<p>&#8230; Fort de nos sp\u00e9cialisations et de notre expertise Nos Projets D&#8217;envergure Projet 0 Ils nous ont fait confiance, pourquoi [&hellip;]<\/p>\n","protected":false},"author":1,"featured_media":71,"parent":0,"menu_order":0,"comment_status":"closed","ping_status":"closed","template":"elementor_header_footer","meta":{"site-sidebar-layout":"default","site-content-layout":"","ast-site-content-layout":"","site-content-style":"default","site-sidebar-style":"default","ast-global-header-display":"","ast-banner-title-visibility":"","ast-main-header-display":"","ast-hfb-above-header-display":"","ast-hfb-below-header-display":"","ast-hfb-mobile-header-display":"","site-post-title":"","ast-breadcrumbs-content":"","ast-featured-img":"","footer-sml-layout":"","theme-transparent-header-meta":"","adv-header-id-meta":"","stick-header-meta":"","header-above-stick-meta":"","header-main-stick-meta":"","header-below-stick-meta":"","astra-migrate-meta-layouts":"default","ast-page-background-enabled":"default","ast-page-background-meta":{"desktop":{"background-color":"var(--ast-global-color-5)","background-image":"","background-repeat":"repeat","background-position":"center center","background-size":"auto","background-attachment":"scroll","background-type":"","background-media":"","overlay-type":"","overlay-color":"","overlay-opacity":"","overlay-gradient":""},"tablet":{"background-color":"","background-image":"","background-repeat":"repeat","background-position":"center center","background-size":"auto","background-attachment":"scroll","background-type":"","background-media":"","overlay-type":"","overlay-color":"","overlay-opacity":"","overlay-gradient":""},"mobile":{"background-color":"","background-image":"","background-repeat":"repeat","background-position":"center center","background-size":"auto","background-attachment":"scroll","background-type":"","background-media":"","overlay-type":"","overlay-color":"","overlay-opacity":"","overlay-gradient":""}},"ast-content-background-meta":{"desktop":{"background-color":"var(--ast-global-color-4)","background-image":"","background-repeat":"repeat","background-position":"center center","background-size":"auto","background-attachment":"scroll","background-type":"","background-media":"","overlay-type":"","overlay-color":"","overlay-opacity":"","overlay-gradient":""},"tablet":{"background-color":"var(--ast-global-color-4)","background-image":"","background-repeat":"repeat","background-position":"center center","background-size":"auto","background-attachment":"scroll","background-type":"","background-media":"","overlay-type":"","overlay-color":"","overlay-opacity":"","overlay-gradient":""},"mobile":{"background-color":"var(--ast-global-color-4)","background-image":"","background-repeat":"repeat","background-position":"center center","background-size":"auto","background-attachment":"scroll","background-type":"","background-media":"","overlay-type":"","overlay-color":"","overlay-opacity":"","overlay-gradient":""}},"footnotes":""},"class_list":["post-55","page","type-page","status-publish","has-post-thumbnail","hentry"],"_links":{"self":[{"href":"https:\/\/fae-concept.fr\/index.php?rest_route=\/wp\/v2\/pages\/55","targetHints":{"allow":["GET"]}}],"collection":[{"href":"https:\/\/fae-concept.fr\/index.php?rest_route=\/wp\/v2\/pages"}],"about":[{"href":"https:\/\/fae-concept.fr\/index.php?rest_route=\/wp\/v2\/types\/page"}],"author":[{"embeddable":true,"href":"https:\/\/fae-concept.fr\/index.php?rest_route=\/wp\/v2\/users\/1"}],"replies":[{"embeddable":true,"href":"https:\/\/fae-concept.fr\/index.php?rest_route=%2Fwp%2Fv2%2Fcomments&post=55"}],"version-history":[{"count":72,"href":"https:\/\/fae-concept.fr\/index.php?rest_route=\/wp\/v2\/pages\/55\/revisions"}],"predecessor-version":[{"id":475,"href":"https:\/\/fae-concept.fr\/index.php?rest_route=\/wp\/v2\/pages\/55\/revisions\/475"}],"wp:featuredmedia":[{"embeddable":true,"href":"https:\/\/fae-concept.fr\/index.php?rest_route=\/wp\/v2\/media\/71"}],"wp:attachment":[{"href":"https:\/\/fae-concept.fr\/index.php?rest_route=%2Fwp%2Fv2%2Fmedia&parent=55"}],"curies":[{"name":"wp","href":"https:\/\/api.w.org\/{rel}","templated":true}]}}